{"id":4459,"date":"2022-06-23T20:11:11","date_gmt":"2022-06-23T18:11:11","guid":{"rendered":"https:\/\/facitec.edu.py\/v2\/?page_id=4459"},"modified":"2022-06-23T20:11:11","modified_gmt":"2022-06-23T18:11:11","slug":"bibliotecas-virtuales","status":"publish","type":"page","link":"https:\/\/facitec.edu.py\/v2\/bibliotecas-virtuales\/","title":{"rendered":"Bibliotecas Virtuales"},"content":{"rendered":"<p><strong>Portal CICCO<\/strong><strong>:<\/strong>\u00a0El Portal CICCO ofrece el acceso al texto completo de miles de recursos de informaci\u00f3n (revistas, art\u00edculos, libros, entre otros, en diferentes formatos) de\u00a0<strong>colecciones especializadas<\/strong>\u00a0pertenecientes a las editoriales m\u00e1s prestigiosas a nivel mundial\u00a0<strong>ELSEVIER\u00a0<\/strong>y\u00a0<strong>CABI\u00a0<\/strong>a trav\u00e9s del descubridor bibliogr\u00e1fico\u00a0<a href=\"https:\/\/www.oclc.org\/es\/worldcat\/cooperative-quality.html\" target=\"_blank\" rel=\"noopener noreferrer\"><strong>WordCat<\/strong>\u00a0<\/a>de la\u00a0<a href=\"https:\/\/www.oclc.org\/es\/home.html\" target=\"_blank\" rel=\"noopener noreferrer\"><strong>OCLC<\/strong><\/a>, as\u00ed como a\u00a0<strong>colecciones perpetuas<\/strong>\u00a0de las prestigiosas editoriales\u00a0<em>IEEE<\/em>,\u00a0<em>SAGE<\/em>,\u00a0<em>Springer Nature<\/em>,\u00a0<em>Wiley<\/em>,\u00a0<em>Oxford University Press (OUP)<\/em>,\u00a0<em>Ebsco<\/em>\u00a0y\u00a0<em>Clarivate Analytic<\/em>s.<br \/>\n<strong>Enlace:<\/strong>\u00a0<a href=\"https:\/\/cicco.conacyt.gov.py\/\" target=\"_blank\" rel=\"noopener noreferrer\">https:\/\/cicco.conacyt.gov.py\/<\/a><br \/>\n<strong>TUTORIAL:<\/strong>\u00a0<a href=\"https:\/\/cicco.conacyt.gov.py\/guiasrapidas\/\" target=\"_blank\" rel=\"noopener noreferrer\">https:\/\/cicco.conacyt.gov.py\/guiasrapidas\/<\/a><\/p>\n<p><strong>DOAJ:\u00a0<\/strong>Directorio de revistas de acceso libre, cient\u00edficas y acad\u00e9micas, que cumplen con est\u00e1ndares de alta calidad como la revisi\u00f3n por pares y el control de calidad editorial.<br \/>\n<strong>Enlace:<\/strong>\u00a0<a href=\"https:\/\/doaj.org\/\" target=\"_blank\" rel=\"noopener noreferrer\">https:\/\/doaj.org\/<\/a><br \/>\n<strong>TUTORIAL:<\/strong>\u00a0<a href=\"https:\/\/www.youtube.com\/watch?v=7KBTfVsXTv8\" target=\"_blank\" rel=\"noopener noreferrer\">https:\/\/www.youtube.com\/watch?v=7KBTfVsXTv8<\/a><\/p>\n<p><strong>LATINDEX:<\/strong>\u00a0Base de datos de revistas electr\u00f3nicas de investigaci\u00f3n cient\u00edfica que se editan en Am\u00e9rica Latina, el Caribe, Espa\u00f1a y Portugal.<br \/>\n<strong>Enlace:<\/strong>\u00a0<a href=\"https:\/\/www.latindex.org\/latindex\/inicio\" target=\"_blank\" rel=\"noopener noreferrer\">https:\/\/www.latindex.org\/latindex\/inicio<\/a><\/p>\n<p><strong>SCIELO:<\/strong>\u00a0Conformada por una colecci\u00f3n de revistas mexicanas de todas las \u00e1reas del conocimiento.<br \/>\n<strong>Enlace:<\/strong>\u00a0<a href=\"https:\/\/scielo.org\/es\/\" target=\"_blank\" rel=\"noopener noreferrer\">https:\/\/scielo.org\/es\/<\/a><\/p>\n","protected":false},"excerpt":{"rendered":"<p>Portal CICCO:\u00a0El Portal CICCO ofrece el acceso al texto completo de miles de recursos de informaci\u00f3n (revistas, art\u00edculos, libros, entre otros, en diferentes formatos) de\u00a0colecciones especializadas\u00a0pertenecientes a las editoriales m\u00e1s prestigiosas a nivel mundial\u00a0ELSEVIER\u00a0y\u00a0CABI\u00a0a trav\u00e9s del descubridor bibliogr\u00e1fico\u00a0WordCat\u00a0de la\u00a0OCLC, as\u00ed como a\u00a0colecciones perpetuas\u00a0de las prestigiosas editoriales\u00a0IEEE,\u00a0SAGE,\u00a0Springer Nature,\u00a0Wiley,\u00a0Oxford University Press (OUP),\u00a0Ebsco\u00a0y\u00a0Clarivate Analytics. Enlace:\u00a0https:\/\/cicco.conacyt.gov.py\/ TUTORIAL:\u00a0https:\/\/cicco.conacyt.gov.py\/guiasrapidas\/ DOAJ:\u00a0Directorio de<\/p>\n","protected":false},"author":1,"featured_media":0,"parent":0,"menu_order":0,"comment_status":"closed","ping_status":"closed","template":"","meta":{"cybocfi_hide_featured_image":"","footnotes":""},"class_list":["post-4459","page","type-page","status-publish","hentry"],"jetpack_sharing_enabled":true,"jetpack_likes_enabled":true,"_links":{"self":[{"href":"https:\/\/facitec.edu.py\/v2\/wp-json\/wp\/v2\/pages\/4459","targetHints":{"allow":["GET"]}}],"collection":[{"href":"https:\/\/facitec.edu.py\/v2\/wp-json\/wp\/v2\/pages"}],"about":[{"href":"https:\/\/facitec.edu.py\/v2\/wp-json\/wp\/v2\/types\/page"}],"author":[{"embeddable":true,"href":"https:\/\/facitec.edu.py\/v2\/wp-json\/wp\/v2\/users\/1"}],"replies":[{"embeddable":true,"href":"https:\/\/facitec.edu.py\/v2\/wp-json\/wp\/v2\/comments?post=4459"}],"version-history":[{"count":5,"href":"https:\/\/facitec.edu.py\/v2\/wp-json\/wp\/v2\/pages\/4459\/revisions"}],"predecessor-version":[{"id":7188,"href":"https:\/\/facitec.edu.py\/v2\/wp-json\/wp\/v2\/pages\/4459\/revisions\/7188"}],"wp:attachment":[{"href":"https:\/\/facitec.edu.py\/v2\/wp-json\/wp\/v2\/media?parent=4459"}],"curies":[{"name":"wp","href":"https:\/\/api.w.org\/{rel}","templated":true}]}}