{"id":4098,"date":"2022-02-15T18:43:51","date_gmt":"2022-02-15T17:43:51","guid":{"rendered":"https:\/\/facitec.edu.py\/v2\/?page_id=4098"},"modified":"2026-02-26T14:13:30","modified_gmt":"2026-02-26T17:13:30","slug":"convenios","status":"publish","type":"page","link":"https:\/\/facitec.edu.py\/v2\/convenios\/","title":{"rendered":"Convenios"},"content":{"rendered":"\n<table class=\"table table-striped\">\n<thead>\n<tr>\n<th>\u00cdtem<\/th>\n<th>A\u00f1o<\/th>\n<th>Nombre del Convenio<\/th>\n<th>Fecha de aprobaci\u00f3n<\/th>\n<th>Contraparte<\/th>\n<\/tr>\n<\/thead>\n<tbody>\n<tr>\n<td>1<\/td>\n<td>2012<\/td>\n<td>Convenio marco &#8211; FPTI-PY &#8211; UNICAN<\/td>\n<td>07\/2012<\/td>\n<td>Parque Tecnol\u00f3gico de Itaip\u00fa<\/td>\n<\/tr>\n<tr>\n<td>2<\/td>\n<td>2013<\/td>\n<td>Convenio de cooperaci\u00f3n FP-UNE &#8211; FACITEC-UNICAN<\/td>\n<td>08\/2013<\/td>\n<td>Facultad Polit\u00e9cnica de la Universidad Nacional del Este<\/td>\n<\/tr>\n<tr>\n<td>3<\/td>\n<td>2018<\/td>\n<td>Convenio de cooperaci\u00f3n &#8211; Curso Dise\u00f1o gr\u00e1fico<\/td>\n<td>11\/2018<\/td>\n<td>Fundaci\u00f3n Arandur\u00e4<\/td>\n<\/tr>\n<tr>\n<td>4<\/td>\n<td>2017<\/td>\n<td>Marco de intenciones de cooperaci\u00f3n internacional UNICAN &#8211; UNNE<\/td>\n<td>05\/2017<\/td>\n<td>Universidad Nacional del Nordeste &#8211; UNNE (Argentina)<\/td>\n<\/tr>\n<tr>\n<td>5<\/td>\n<td>2018<\/td>\n<td>Convenio marco de cooperaci\u00f3n<\/td>\n<td>01\/2018<\/td>\n<td>Genexus<\/td>\n<\/tr>\n<tr>\n<td>6<\/td>\n<td>2018<\/td>\n<td>Convenio marco de cooperaci\u00f3n<\/td>\n<td>07\/2018<\/td>\n<td>Flex Tech<\/td>\n<\/tr>\n<tr>\n<td>7<\/td>\n<td>2019<\/td>\n<td>Convenio interinstitucional Municipalidad Salto del Guair\u00e1 &#8211; UNICAN<\/td>\n<td>11\/2019<\/td>\n<td>Municipalidad de Salto del Guair\u00e1<\/td>\n<\/tr>\n<tr>\n<td>8<\/td>\n<td>2019<\/td>\n<td>Convenio espec\u00edfico de cooperaci\u00f3n para la realizaci\u00f3n de curso de grado<\/td>\n<td>07\/2019<\/td>\n<td>Facultad de Ciencias Agropecuarias y Ambientales (FCAA) de la Universidad Nacional de Canindey\u00fa<\/td>\n<\/tr>\n<tr>\n<td>9<\/td>\n<td>2019<\/td>\n<td>Convenio espec\u00edfico de para la realizaci\u00f3n de la \u201cMaestr\u00eda en Inform\u00e1tica con \u00e9nfasis en Ingenier\u00eda de Software\u201d<\/td>\n<td>08\/2019<\/td>\n<td>Escuela de Posgrado de la Universidad Nacional de Canindey\u00fa<\/td>\n<\/tr>\n<tr>\n<td>10<\/td>\n<td>2022<\/td>\n<td>Convenio marco de cooperaci\u00f3n interinstitucional con la Facultad de Ciencias Econ\u00f3micas y Empresariales de la Universidad Nacional de Caninedey\u00fa.<\/td>\n<td>02\/2022<\/td>\n<td>Facultad de Ciencias Econ\u00f3micas y Empresariales de la Universidad Nacional de Caninedey\u00fa.<\/td>\n<\/tr>\n<tr>\n<td>11<\/td>\n<td>2022<\/td>\n<td>Convenio marco de cooperaci\u00f3n interinstitucional con la Facultad de Ciencias Jur\u00eddicas y Sociales de la Universidad Nacional de Caninedey\u00fa.<\/td>\n<td>05\/2022<\/td>\n<td>Facultad de Ciencias Jur\u00eddicas y Sociales de la Universidad Nacional de Caninedey\u00fa.<\/td>\n<\/tr>\n<\/tbody>\n<\/table>\n\n","protected":false},"excerpt":{"rendered":"","protected":false},"author":1,"featured_media":0,"parent":0,"menu_order":0,"comment_status":"closed","ping_status":"closed","template":"","meta":{"cybocfi_hide_featured_image":"","footnotes":""},"class_list":["post-4098","page","type-page","status-publish","hentry"],"jetpack_sharing_enabled":true,"jetpack_likes_enabled":true,"_links":{"self":[{"href":"https:\/\/facitec.edu.py\/v2\/wp-json\/wp\/v2\/pages\/4098","targetHints":{"allow":["GET"]}}],"collection":[{"href":"https:\/\/facitec.edu.py\/v2\/wp-json\/wp\/v2\/pages"}],"about":[{"href":"https:\/\/facitec.edu.py\/v2\/wp-json\/wp\/v2\/types\/page"}],"author":[{"embeddable":true,"href":"https:\/\/facitec.edu.py\/v2\/wp-json\/wp\/v2\/users\/1"}],"replies":[{"embeddable":true,"href":"https:\/\/facitec.edu.py\/v2\/wp-json\/wp\/v2\/comments?post=4098"}],"version-history":[{"count":5,"href":"https:\/\/facitec.edu.py\/v2\/wp-json\/wp\/v2\/pages\/4098\/revisions"}],"predecessor-version":[{"id":17972,"href":"https:\/\/facitec.edu.py\/v2\/wp-json\/wp\/v2\/pages\/4098\/revisions\/17972"}],"wp:attachment":[{"href":"https:\/\/facitec.edu.py\/v2\/wp-json\/wp\/v2\/media?parent=4098"}],"curies":[{"name":"wp","href":"https:\/\/api.w.org\/{rel}","templated":true}]}}