{"id":2409,"date":"2021-05-20T16:12:26","date_gmt":"2021-05-20T14:12:26","guid":{"rendered":"https:\/\/facitec.edu.py\/v2\/?page_id=2409"},"modified":"2021-05-20T16:16:10","modified_gmt":"2021-05-20T14:16:10","slug":"politicas-institucionales","status":"publish","type":"page","link":"https:\/\/facitec.edu.py\/v2\/politicas-institucionales\/","title":{"rendered":"Pol\u00edticas institucionales de la Facultad de Ciencias y Tecnolog\u00eda"},"content":{"rendered":"\n<ul class=\"list-style2\">\n<li>Pol\u00edtica de calidad<\/li>\n<li>Pol\u00edtica de formaci\u00f3n<\/li>\n<li>Pol\u00edtica de igualdad y de inclusi\u00f3n educativa.<\/li>\n<li>Pol\u00edtica de gesti\u00f3n de talento humano<\/li>\n<li>Pol\u00edtica de internacionalizaci\u00f3n<\/li>\n<li>Pol\u00edtica de planificaci\u00f3n<\/li>\n<li>Pol\u00edtica de investigaci\u00f3n e innovaci\u00f3n<\/li>\n<li>Pol\u00edtica de extensi\u00f3n universitaria<\/li>\n<li>Pol\u00edtica de bienestar institucional<\/li>\n<li>Pol\u00edtica de comunicaci\u00f3n e informaci\u00f3n<\/li>\n<li>Pol\u00edtica de financiamiento<\/li>\n<li>Pol\u00edtica de transparencia<\/li>\n<\/ul>\n\n","protected":false},"excerpt":{"rendered":"","protected":false},"author":1,"featured_media":0,"parent":0,"menu_order":0,"comment_status":"closed","ping_status":"closed","template":"","meta":{"cybocfi_hide_featured_image":"","footnotes":""},"class_list":["post-2409","page","type-page","status-publish","hentry"],"jetpack_sharing_enabled":true,"jetpack_likes_enabled":true,"_links":{"self":[{"href":"https:\/\/facitec.edu.py\/v2\/wp-json\/wp\/v2\/pages\/2409","targetHints":{"allow":["GET"]}}],"collection":[{"href":"https:\/\/facitec.edu.py\/v2\/wp-json\/wp\/v2\/pages"}],"about":[{"href":"https:\/\/facitec.edu.py\/v2\/wp-json\/wp\/v2\/types\/page"}],"author":[{"embeddable":true,"href":"https:\/\/facitec.edu.py\/v2\/wp-json\/wp\/v2\/users\/1"}],"replies":[{"embeddable":true,"href":"https:\/\/facitec.edu.py\/v2\/wp-json\/wp\/v2\/comments?post=2409"}],"version-history":[{"count":0,"href":"https:\/\/facitec.edu.py\/v2\/wp-json\/wp\/v2\/pages\/2409\/revisions"}],"wp:attachment":[{"href":"https:\/\/facitec.edu.py\/v2\/wp-json\/wp\/v2\/media?parent=2409"}],"curies":[{"name":"wp","href":"https:\/\/api.w.org\/{rel}","templated":true}]}}