{"id":2046,"date":"2021-04-15T20:46:06","date_gmt":"2021-04-15T18:46:06","guid":{"rendered":"https:\/\/facitec.edu.py\/v2\/?page_id=2046"},"modified":"2024-06-24T14:21:45","modified_gmt":"2024-06-24T18:21:45","slug":"como-acceder-a-becas","status":"publish","type":"page","link":"https:\/\/facitec.edu.py\/v2\/como-acceder-a-becas\/","title":{"rendered":"C\u00f3mo acceder a becas"},"content":{"rendered":"<p>Existe la posibilidad de acceder a Becas otorgadas para solventar los gastos de estudios, para lo cu\u00e1l los interesados deber\u00e1n seguir el procedimiento especificado a continuaci\u00f3n:<\/p>\n<h3><strong>Becas para Alumnos otorgados por la FACITEC &#8211; UNICAN:<\/strong><\/h3>\n<p><strong>Por insolvencia econ\u00f3mica o exoneraci\u00f3n de aranceles:\u00a0<\/strong>El alumno deber\u00e1 llenar el formulario disponible en secretar\u00eda, adjuntando los siguientes documentos:<\/p>\n<ul>\n<li>Cuestionario b\u00e1sico institucional.<\/li>\n<li>Copia simple de c\u00e9dula de identidad civil.<\/li>\n<li>Extracto de ficha acad\u00e9mica.<\/li>\n<li>Resoluci\u00f3n judicial de insolvencia econ\u00f3mica (si solicita exoneraci\u00f3n de aranceles).<\/li>\n<li>Otro documento solicitado en la convocatoria.<\/li>\n<\/ul>\n<p><strong>Por excelencia acad\u00e9mica:\u00a0<\/strong>Los alumnos con un promedio de rendimiento de cinco (5) absoluto en la instituci\u00f3n, recibir\u00e1n la exoneraci\u00f3n de los aranceles en reconocimiento a la excelencia en el desempe\u00f1o acad\u00e9mico.<\/p>\n<p><strong>Por m\u00e9ritos acad\u00e9micos:\u00a0<\/strong>La instituci\u00f3n otorgar\u00e1 becas a alumnos que realicen trabajos acad\u00e9micos y de investigaci\u00f3n, como por ejemplo: presentaci\u00f3n de resumen de investigaci\u00f3n en la Expociencia UNICAN, elaboraci\u00f3n de alg\u00fan curso, entre otros.<\/p>\n<p>&nbsp;<\/p>\n<h3><strong>Becas para Egresados otorgados por la\u00a0 UNICAN:<\/strong><\/h3>\n<p>Los mejores egresados de la carrera, correspondiente al a\u00f1o lectivo inmediato anterior a la solicitud de beca y que desean seguir cursos de postgrado en la Universidad Nacional de Canindey\u00fa, podr\u00e1n solicitar el beneficio de la beca en la facultad.<\/p>\n<p>&nbsp;<\/p>\n<h3><strong>Becas para Profesores\u00a0otorgados por la FACITEC &#8211; UNICAN:<\/strong><\/h3>\n<ol>\n<li>El docente debe llenar el formulario de solicitud de beca de docentes, disponible en secretar\u00eda, dirigida al decano de la facultad, dentro de un per\u00edodo que ser\u00e1 establecido para el efecto. El formulario deber\u00e1 contener: el nombre del docente, el curso que desea realizar, la instituci\u00f3n donde se realizara el evento, la fecha y el costo.<\/li>\n<li>Posteriormente la Direcci\u00f3n Acad\u00e9mica remitir\u00e1 al docente una nota explicando las condiciones para solicitar la beca. Una vez recibida la nota, el docente deber\u00e1 responder a la nota, adjuntando los siguientes documentos:<\/li>\n<\/ol>\n<ul>\n<li>Fotocopia de cedula de identidad.<\/li>\n<li>Constancia que compruebe que es docente de la facultad.<\/li>\n<li>Constancia de admisi\u00f3n en dicho curso. (Comprobante de inscripci\u00f3n).<\/li>\n<li>Extracto\u00a0 de los gastos (cuotas, libros, aranceles, pasajes).<\/li>\n<li>Certificado de estudios legalizado por el rectorado de origen y autenticado por escriban\u00eda.<\/li>\n<li>Otro documento solicitado en la convocatoria.<\/li>\n<\/ul>\n<h3><strong>Becas Itaip\u00fa Binacional<\/strong><\/h3>\n<p>Enlace: <a href=\"https:\/\/apps.itaipu.gov.py\/SGBC\/\">https:\/\/apps.itaipu.gov.py\/SGBC\/<\/a><\/p>\n<p>&nbsp;<\/p>\n<h3><strong>Becas Secretar\u00eda Nacional de la Juventud<\/strong><\/h3>\n<p>Enlace: <a href=\"https:\/\/devbecas.mitic.gov.py\/home\">https:\/\/devbecas.mitic.gov.py\/home<\/a><\/p>\n<p>&nbsp;<\/p>\n<h3><strong>Becal (Becas Don Carlos Antonio L\u00f3pez)<\/strong><\/h3>\n<p><strong>Becas de maestr\u00eda para docentes<\/strong><\/p>\n<p><strong>P\u00e1gina web:\u00a0<\/strong>http:\/\/www.becal.gov.py\/becas-de-maestria-para-docentes\/<\/p>\n<p><strong> Tel\u00e9fono:\u00a0021 440 007.<\/strong><\/p>\n<p><strong> Oficina del Programa:\u00a0Estrella N\u00ba 345 \u2013 6\u00b0 piso casi Chile de lunes a viernes (de 8:00 a 15:00 hs.) Asunci\u00f3n Paraguay<\/strong><\/p>\n<p><strong> Email:\u00a0<\/strong><a href=\"mailto:consultasbecasenelexterior@hacienda.gov.py\">consultasbecasenelexterior@hacienda.gov.py<\/a><\/p>\n","protected":false},"excerpt":{"rendered":"<p>Existe la posibilidad de acceder a Becas otorgadas para solventar los gastos de estudios, para lo cu\u00e1l los interesados deber\u00e1n seguir el procedimiento especificado a continuaci\u00f3n: Becas para Alumnos otorgados por la FACITEC &#8211; UNICAN: Por insolvencia econ\u00f3mica o exoneraci\u00f3n de aranceles:\u00a0El alumno deber\u00e1 llenar el formulario disponible en secretar\u00eda, adjuntando los siguientes documentos: Cuestionario<\/p>\n","protected":false},"author":1,"featured_media":0,"parent":0,"menu_order":0,"comment_status":"closed","ping_status":"closed","template":"","meta":{"cybocfi_hide_featured_image":"","footnotes":""},"class_list":["post-2046","page","type-page","status-publish","hentry"],"jetpack_sharing_enabled":true,"jetpack_likes_enabled":true,"_links":{"self":[{"href":"https:\/\/facitec.edu.py\/v2\/wp-json\/wp\/v2\/pages\/2046","targetHints":{"allow":["GET"]}}],"collection":[{"href":"https:\/\/facitec.edu.py\/v2\/wp-json\/wp\/v2\/pages"}],"about":[{"href":"https:\/\/facitec.edu.py\/v2\/wp-json\/wp\/v2\/types\/page"}],"author":[{"embeddable":true,"href":"https:\/\/facitec.edu.py\/v2\/wp-json\/wp\/v2\/users\/1"}],"replies":[{"embeddable":true,"href":"https:\/\/facitec.edu.py\/v2\/wp-json\/wp\/v2\/comments?post=2046"}],"version-history":[{"count":6,"href":"https:\/\/facitec.edu.py\/v2\/wp-json\/wp\/v2\/pages\/2046\/revisions"}],"predecessor-version":[{"id":10469,"href":"https:\/\/facitec.edu.py\/v2\/wp-json\/wp\/v2\/pages\/2046\/revisions\/10469"}],"wp:attachment":[{"href":"https:\/\/facitec.edu.py\/v2\/wp-json\/wp\/v2\/media?parent=2046"}],"curies":[{"name":"wp","href":"https:\/\/api.w.org\/{rel}","templated":true}]}}